{"id":438,"date":"2021-05-06T08:38:06","date_gmt":"2021-05-06T08:38:06","guid":{"rendered":"http:\/\/freetravelapp.com\/?page_id=438"},"modified":"2021-05-06T08:40:50","modified_gmt":"2021-05-06T08:40:50","slug":"landing","status":"publish","type":"page","link":"http:\/\/freetravelapp.com\/en\/landing","title":{"rendered":"Landing"},"content":{"rendered":"<p><img fetchpriority=\"high\" decoding=\"async\" src=\"http:\/\/freetravelapp.com\/wp-content\/uploads\/2021\/03\/2021-03-22_Logotipo-300x175.png\" sizes=\"(max-width: 300px) 100vw, 300px\" srcset=\"http:\/\/freetravelapp.com\/wp-content\/uploads\/2021\/03\/2021-03-22_Logotipo-300x175.png 300w, http:\/\/freetravelapp.com\/wp-content\/uploads\/2021\/03\/2021-03-22_Logotipo.png 709w\" alt=\"\" width=\"300\" height=\"175\"><\/p>\n<h1>\u00a1La App para los amantes de viajar!<\/h1>\n<p style=\"text-align: left;\">FreeTravel permite organizar, decidir, reservar, pagar tu viaje, todo en una app.<\/p>\n<p>\u00a1Qu\u00e9 empiece la aventura all\u00e1 donde est\u00e9s!<\/p>\n<p><a role=\"button\" href=\"#contacto\"><br \/>\nHaz clic aqu\u00ed<br \/>\n<\/a><br \/>\n<iframe hcb-fetch-image-from=\"https:\/\/www.youtube.com\/watch?v=srR9loPZEcE\" title=\"FreeTravel App\" width=\"1170\" height=\"658\" src=\"https:\/\/www.youtube.com\/embed\/srR9loPZEcE?feature=oembed\" frameborder=\"0\" allow=\"accelerometer; autoplay; clipboard-write; encrypted-media; gyroscope; picture-in-picture\" allowfullscreen><\/iframe><\/p>\n<figure><img decoding=\"async\" src=\"http:\/\/freetravelapp.com\/wp-content\/uploads\/2021\/04\/Captura1.jpg\" alt=\"Captura1\"><\/figure>\n<figure><img decoding=\"async\" src=\"http:\/\/freetravelapp.com\/wp-content\/uploads\/2021\/04\/Captura3.jpg\" alt=\"Captura3\"><\/figure>\n<figure><img decoding=\"async\" src=\"http:\/\/freetravelapp.com\/wp-content\/uploads\/2021\/04\/Captura5.jpg\" alt=\"Captura5\"><\/figure>\n<figure><img decoding=\"async\" src=\"http:\/\/freetravelapp.com\/wp-content\/uploads\/2021\/04\/Captura10.jpg\" alt=\"Captura10\"><\/figure>\n<p>Anterior<br \/>\nSiguiente<\/p>\n<h2>LLEVA TU VIAJE EN EL M\u00d3VIL<\/h2>\n<p>&nbsp;<\/p>\n<h3>organiza y reserva<\/h3>\n<p>Busca tu destino y reserva<\/p>\n<p>&nbsp;<\/p>\n<h3>check-in<\/h3>\n<p>Realiza el Check-in con s\u00f3lo un click desde donde quieras<\/p>\n<p>&nbsp;<\/p>\n<h3>Abre tu habitaci\u00f3n<\/h3>\n<p>Con el c\u00f3digo que se activar\u00e1 cuando realices el check-in<\/p>\n<p>&nbsp;<\/p>\n<h3>conoce a m\u00e1s viajeros<\/h3>\n<p>Chatea con m\u00e1s viajeros, mira que hacen y con\u00f3celos<\/p>\n<h2>Ay\u00fadanos a seguir avanzando, queremos conocer tu opini\u00f3n y darte la aplicaci\u00f3n que necesitas.<\/h2>\n<p><a role=\"button\" href=\"https:\/\/docs.google.com\/forms\/d\/e\/1FAIpQLScS6FRzbhDbrVtB3apaXvPGxJ6UDEciYSBS_Grz3VIcfuZF_g\/viewform?usp=sf_link\"><br \/>\nRealiza est\u00e1 breve encuesta<br \/>\n<\/a><br \/>\n<img decoding=\"async\" src=\"http:\/\/freetravelapp.com\/wp-content\/uploads\/2021\/03\/COMENTS-1024x748.jpg\" sizes=\"(max-width: 1024px) 100vw, 1024px\" srcset=\"http:\/\/freetravelapp.com\/wp-content\/uploads\/2021\/03\/COMENTS-1024x748.jpg 1024w, http:\/\/freetravelapp.com\/wp-content\/uploads\/2021\/03\/COMENTS-300x219.jpg 300w, http:\/\/freetravelapp.com\/wp-content\/uploads\/2021\/03\/COMENTS-768x561.jpg 768w, http:\/\/freetravelapp.com\/wp-content\/uploads\/2021\/03\/COMENTS-1536x1121.jpg 1536w, http:\/\/freetravelapp.com\/wp-content\/uploads\/2021\/03\/COMENTS-2048x1495.jpg 2048w, http:\/\/freetravelapp.com\/wp-content\/uploads\/2021\/03\/COMENTS-720x526.jpg 720w\" alt=\"\" width=\"1024\" height=\"748\"><\/p>\n<h2>FreeTravel App, viajemos&#8230;<\/h2>\n<p><img decoding=\"async\" src=\"http:\/\/freetravelapp.com\/wp-content\/uploads\/2021\/03\/Quienp-1024x748.jpg\" sizes=\"(max-width: 1024px) 100vw, 1024px\" srcset=\"http:\/\/freetravelapp.com\/wp-content\/uploads\/2021\/03\/Quienp-1024x748.jpg 1024w, http:\/\/freetravelapp.com\/wp-content\/uploads\/2021\/03\/Quienp-300x219.jpg 300w, http:\/\/freetravelapp.com\/wp-content\/uploads\/2021\/03\/Quienp-768x561.jpg 768w, http:\/\/freetravelapp.com\/wp-content\/uploads\/2021\/03\/Quienp-1536x1121.jpg 1536w, http:\/\/freetravelapp.com\/wp-content\/uploads\/2021\/03\/Quienp-2048x1495.jpg 2048w, http:\/\/freetravelapp.com\/wp-content\/uploads\/2021\/03\/Quienp-720x526.jpg 720w\" alt=\"\" width=\"1024\" height=\"748\"><\/p>\n<h2>C\u00f3mo funciona es muy sencillo<\/h2>\n<h3>Descarga la App<\/h3>\n<p>Estamos trabajando en ello. Pronto podr\u00e1s descarg\u00e1rtela.<\/p>\n<h3>Sue\u00f1a con tu viaje<\/h3>\n<p>Decide destino, reserva, organiza y que empiece la aventura.<\/p>\n<h3>Empieza tu viaje<\/h3>\n<p>Viaja alrededor del mundo y desde donde quieras podr\u00e1s editar tu perfil y hacer reservas.<\/p>\n<h2>disfruta<br \/>\n<b>FREE TRAVEL<\/b><\/h2>\n<p style=\"text-align: left;\">S\u00edguenos en Instagram y qu\u00e9 empiece la aventura<\/p>\n<p><a role=\"button\" href=\"https:\/\/www.instagram.com\/invites\/contact\/?i=16yqdf324lu38&amp;utm_content=lb4t46f\"><br \/>\nS\u00edguenos en instagram<br \/>\n<\/a><br \/>\n<div class=\"wpforms-container wpforms-container-full\" id=\"wpforms-384\"><form id=\"wpforms-form-384\" class=\"wpforms-validate wpforms-form\" data-formid=\"384\" method=\"post\" enctype=\"multipart\/form-data\" action=\"\/en\/wp-json\/wp\/v2\/pages\/438\" data-token=\"726d474ff46b223e3230e18bf48a08ad\" data-token-time=\"1777687517\" data-trp-original-action=\"\/en\/wp-json\/wp\/v2\/pages\/438\"><div class=\"wpforms-head-container\"><div class=\"wpforms-title\">\u00danete a FreeTravel App y ent\u00e9rate de todas las novedades<\/div><\/div><noscript class=\"wpforms-error-noscript\">Please enable JavaScript in your browser to complete this form.<\/noscript><div class=\"wpforms-field-container\"><div id=\"wpforms-384-field_0-container\" class=\"wpforms-field wpforms-field-name\" data-field-id=\"0\"><label class=\"wpforms-field-label\" for=\"wpforms-384-field_0\">Nombre <span class=\"wpforms-required-label\">*<\/span><\/label><input type=\"text\" id=\"wpforms-384-field_0\" class=\"wpforms-field-medium wpforms-field-required\" name=\"wpforms[fields][0]\" required><\/div><div id=\"wpforms-384-field_1-container\" class=\"wpforms-field wpforms-field-email\" data-field-id=\"1\"><label class=\"wpforms-field-label\" for=\"wpforms-384-field_1\">Correo electr\u00f3nico <span class=\"wpforms-required-label\">*<\/span><\/label><input type=\"email\" id=\"wpforms-384-field_1\" class=\"wpforms-field-medium wpforms-field-required\" name=\"wpforms[fields][1]\" spellcheck=\"false\" required><\/div><div id=\"wpforms-384-field_2-container\" class=\"wpforms-field wpforms-field-textarea\" data-field-id=\"2\"><label class=\"wpforms-field-label\" for=\"wpforms-384-field_2\">Comentario o mensaje <span class=\"wpforms-required-label\">*<\/span><\/label><textarea id=\"wpforms-384-field_2\" class=\"wpforms-field-medium wpforms-field-required\" name=\"wpforms[fields][2]\" required><\/textarea><\/div><\/div><!-- .wpforms-field-container --><div class=\"wpforms-submit-container\" ><input type=\"hidden\" name=\"wpforms[id]\" value=\"384\"><input type=\"hidden\" name=\"page_title\" value=\"\"><input type=\"hidden\" name=\"page_url\" value=\"http:\/\/freetravelapp.com\/en\/wp-json\/wp\/v2\/pages\/438\"><input type=\"hidden\" name=\"url_referer\" value=\"\"><button type=\"submit\" name=\"wpforms[submit]\" id=\"wpforms-submit-384\" class=\"wpforms-submit\" data-alt-text=\"Enviando...\" data-submit-text=\"Enviar\" aria-live=\"assertive\" value=\"wpforms-submit\">Enviar<\/button><\/div><input type=\"hidden\" name=\"trp-form-language\" value=\"en\"\/><\/form><\/div>  <!-- .wpforms-container --><\/p>\n<p>Freetravelapp.com 2021. All rights reserved<\/p>","protected":false},"excerpt":{"rendered":"<p>\u00a1La App para los amantes de viajar! FreeTravel permite organizar, decidir, reservar, pagar tu viaje, todo en una app. \u00a1Qu\u00e9 [&hellip;]<\/p>","protected":false},"author":1,"featured_media":0,"parent":0,"menu_order":0,"comment_status":"closed","ping_status":"closed","template":"elementor_canvas","meta":{"_monsterinsights_skip_tracking":false,"_monsterinsights_sitenote_active":false,"_monsterinsights_sitenote_note":"","_monsterinsights_sitenote_category":0,"footnotes":""},"class_list":["post-438","page","type-page","status-publish","hentry"],"_links":{"self":[{"href":"http:\/\/freetravelapp.com\/en\/wp-json\/wp\/v2\/pages\/438","targetHints":{"allow":["GET"]}}],"collection":[{"href":"http:\/\/freetravelapp.com\/en\/wp-json\/wp\/v2\/pages"}],"about":[{"href":"http:\/\/freetravelapp.com\/en\/wp-json\/wp\/v2\/types\/page"}],"author":[{"embeddable":true,"href":"http:\/\/freetravelapp.com\/en\/wp-json\/wp\/v2\/users\/1"}],"replies":[{"embeddable":true,"href":"http:\/\/freetravelapp.com\/en\/wp-json\/wp\/v2\/comments?post=438"}],"version-history":[{"count":2,"href":"http:\/\/freetravelapp.com\/en\/wp-json\/wp\/v2\/pages\/438\/revisions"}],"predecessor-version":[{"id":440,"href":"http:\/\/freetravelapp.com\/en\/wp-json\/wp\/v2\/pages\/438\/revisions\/440"}],"wp:attachment":[{"href":"http:\/\/freetravelapp.com\/en\/wp-json\/wp\/v2\/media?parent=438"}],"curies":[{"name":"wp","href":"https:\/\/api.w.org\/{rel}","templated":true}]}}